{"id":142,"date":"2020-10-23T13:07:47","date_gmt":"2020-10-23T11:07:47","guid":{"rendered":"http:\/\/dinsjukgymnast.se\/web2\/?page_id=142"},"modified":"2020-12-06T20:08:05","modified_gmt":"2020-12-06T19:08:05","slug":"stresshantering","status":"publish","type":"page","link":"https:\/\/dinsjukgymnast.se\/web2\/stresshantering\/","title":{"rendered":"Stresshantering"},"content":{"rendered":"\n<div class=\"wp-block-media-text alignwide has-media-on-the-right is-stacked-on-mobile\"><figure class=\"wp-block-media-text__media\"><\/figure><div class=\"wp-block-media-text__content\">\n<p class=\"has-larger-font-size\"><strong>Stresshantering<\/strong><\/p>\n\n\n\n<p class=\"has-medium-font-size\">Vi kan erbjuda individuellt anpassad stresshantering.&nbsp;<\/p>\n\n\n\n<p class=\"has-medium-font-size\">Dina egna stressorer (dvs det som stressar just Dig) ringas in. Sedan diskuteras olika \u00e5tg\u00e4rder f\u00f6r att hantera Din stress. Det kan till exempel vara hj\u00e4lp att komma ig\u00e5ng  med att tr\u00e4na avsp\u00e4nning. Ofta beh\u00f6vs flera \u00e5tg\u00e4rder f\u00f6r att n\u00e5 en varaktig f\u00f6r\u00e4ndring. Ibland kan Din husl\u00e4kare beh\u00f6va kopplas in. <\/p>\n<\/div><\/div>\n\n\n\n<p><\/p>\n","protected":false},"excerpt":{"rendered":"<p>Stresshantering Vi kan erbjuda individuellt anpassad stresshantering.&nbsp; Dina egna stressorer (dvs det som stressar just Dig) ringas in. Sedan diskuteras olika \u00e5tg\u00e4rder f\u00f6r att hantera Din stress. Det kan till exempel vara hj\u00e4lp att komma ig\u00e5ng med att tr\u00e4na avsp\u00e4nning. Ofta beh\u00f6vs flera \u00e5tg\u00e4rder f\u00f6r att n\u00e5 en varaktig f\u00f6r\u00e4ndring. Ibland kan Din husl\u00e4kare beh\u00f6va [&hellip;]<\/p>\n","protected":false},"author":3,"featured_media":0,"parent":0,"menu_order":0,"comment_status":"closed","ping_status":"closed","template":"","meta":{"footnotes":""},"class_list":["post-142","page","type-page","status-publish","hentry"],"_links":{"self":[{"href":"https:\/\/dinsjukgymnast.se\/web2\/wp-json\/wp\/v2\/pages\/142","targetHints":{"allow":["GET"]}}],"collection":[{"href":"https:\/\/dinsjukgymnast.se\/web2\/wp-json\/wp\/v2\/pages"}],"about":[{"href":"https:\/\/dinsjukgymnast.se\/web2\/wp-json\/wp\/v2\/types\/page"}],"author":[{"embeddable":true,"href":"https:\/\/dinsjukgymnast.se\/web2\/wp-json\/wp\/v2\/users\/3"}],"replies":[{"embeddable":true,"href":"https:\/\/dinsjukgymnast.se\/web2\/wp-json\/wp\/v2\/comments?post=142"}],"version-history":[{"count":4,"href":"https:\/\/dinsjukgymnast.se\/web2\/wp-json\/wp\/v2\/pages\/142\/revisions"}],"predecessor-version":[{"id":307,"href":"https:\/\/dinsjukgymnast.se\/web2\/wp-json\/wp\/v2\/pages\/142\/revisions\/307"}],"wp:attachment":[{"href":"https:\/\/dinsjukgymnast.se\/web2\/wp-json\/wp\/v2\/media?parent=142"}],"curies":[{"name":"wp","href":"https:\/\/api.w.org\/{rel}","templated":true}]}}