{"id":136,"date":"2020-10-23T13:03:19","date_gmt":"2020-10-23T11:03:19","guid":{"rendered":"http:\/\/dinsjukgymnast.se\/web2\/?page_id=136"},"modified":"2024-06-03T15:15:30","modified_gmt":"2024-06-03T13:15:30","slug":"supersole-fotbaddar","status":"publish","type":"page","link":"https:\/\/dinsjukgymnast.se\/web2\/supersole-fotbaddar\/","title":{"rendered":"Supersole fotb\u00e4ddar"},"content":{"rendered":"\n<div class=\"wp-block-media-text alignwide has-media-on-the-right is-stacked-on-mobile\"><div class=\"wp-block-media-text__content\">\n<p class=\"has-larger-font-size\"><strong>Supersole fotb\u00e4ddar<\/strong><\/p>\n\n\n\n<p>Supersole fotb\u00e4ddar \u00e4r mer \u00e4n bara ett skoinl\u00e4gg. Det \u00e4r ett dynamiskt och individuellt anpassat inl\u00e4gg och anv\u00e4nds som komplement till Din vanliga behandling.&nbsp;<\/p>\n\n\n\n<p>Supersole g\u00f6rs av sulor med olika tjocklek och d\u00e4mpning. Sulorna hettas upp f\u00f6r att sedan formas specifikt efter just Din fot och Dina besv\u00e4r.&nbsp;<\/p>\n\n\n\n<p><strong>Det \u00e4r hos Torbj\u00f6rn Sj\u00f6din som Du kan erbjudas Supersole fotb\u00e4ddar.<\/strong><\/p>\n<\/div><figure class=\"wp-block-media-text__media\"><\/figure><\/div>\n\n\n\n<p><\/p>\n","protected":false},"excerpt":{"rendered":"<p>Supersole fotb\u00e4ddar Supersole fotb\u00e4ddar \u00e4r mer \u00e4n bara ett skoinl\u00e4gg. Det \u00e4r ett dynamiskt och individuellt anpassat inl\u00e4gg och anv\u00e4nds som komplement till Din vanliga behandling.&nbsp; Supersole g\u00f6rs av sulor med olika tjocklek och d\u00e4mpning. Sulorna hettas upp f\u00f6r att sedan formas specifikt efter just Din fot och Dina besv\u00e4r.&nbsp; Det \u00e4r hos Torbj\u00f6rn Sj\u00f6din [&hellip;]<\/p>\n","protected":false},"author":3,"featured_media":0,"parent":0,"menu_order":0,"comment_status":"closed","ping_status":"closed","template":"","meta":{"footnotes":""},"class_list":["post-136","page","type-page","status-publish","hentry"],"_links":{"self":[{"href":"https:\/\/dinsjukgymnast.se\/web2\/wp-json\/wp\/v2\/pages\/136","targetHints":{"allow":["GET"]}}],"collection":[{"href":"https:\/\/dinsjukgymnast.se\/web2\/wp-json\/wp\/v2\/pages"}],"about":[{"href":"https:\/\/dinsjukgymnast.se\/web2\/wp-json\/wp\/v2\/types\/page"}],"author":[{"embeddable":true,"href":"https:\/\/dinsjukgymnast.se\/web2\/wp-json\/wp\/v2\/users\/3"}],"replies":[{"embeddable":true,"href":"https:\/\/dinsjukgymnast.se\/web2\/wp-json\/wp\/v2\/comments?post=136"}],"version-history":[{"count":2,"href":"https:\/\/dinsjukgymnast.se\/web2\/wp-json\/wp\/v2\/pages\/136\/revisions"}],"predecessor-version":[{"id":439,"href":"https:\/\/dinsjukgymnast.se\/web2\/wp-json\/wp\/v2\/pages\/136\/revisions\/439"}],"wp:attachment":[{"href":"https:\/\/dinsjukgymnast.se\/web2\/wp-json\/wp\/v2\/media?parent=136"}],"curies":[{"name":"wp","href":"https:\/\/api.w.org\/{rel}","templated":true}]}}