{"id":13,"date":"2020-10-15T08:58:32","date_gmt":"2020-10-15T06:58:32","guid":{"rendered":"http:\/\/dinsjukgymnast.se\/web2\/?page_id=13"},"modified":"2025-01-15T20:35:46","modified_gmt":"2025-01-15T19:35:46","slug":"om","status":"publish","type":"page","link":"https:\/\/dinsjukgymnast.se\/web2\/om\/","title":{"rendered":"Om oss"},"content":{"rendered":"\n<div class=\"wp-block-columns is-layout-flex wp-container-core-columns-is-layout-9d6595d7 wp-block-columns-is-layout-flex\">\n<div class=\"wp-block-column is-layout-flow wp-block-column-is-layout-flow\">\n<p class=\"has-large-font-size\"><strong>Om mottagningen<\/strong><\/p>\n\n\n\n<p class=\"has-medium-font-size\">Roslags N\u00e4sby Sjukgymnastik \u00e4r en privat mottagning. Vi har kompetens inom flera olika omr\u00e5den, allt f\u00f6r att kunna erbjuda Dig b\u00e4sta m\u00f6jliga hj\u00e4lp.&nbsp;<\/p>\n\n\n\n<p class=\"has-medium-font-size\">Vi arbetar efter evidensbaserad forskning och f\u00f6ljer Socialstyrelsens riktlinjer.<\/p>\n\n\n\n<p class=\"has-medium-font-size\">Vi behandlar alltifr\u00e5n akuta problem som ryggskott eller nacksp\u00e4rr till mer l\u00e5ngdragna tillst\u00e5nd som exempelvis artros. Vi hj\u00e4lper \u00e4ven till med rehabilitering efter idrottsskador eller ortopedisk operation.<\/p>\n\n\n\n<p class=\"has-medium-font-size\">Vi samarbetar med bland annat Husl\u00e4karna Roslags N\u00e4sby och T\u00e4byh\u00e4lsan.<\/p>\n\n\n\n<p class=\"has-medium-font-size\">Mottagningen \u00e4r ansluten till Region Stockholm d\u00e4r sjukf\u00f6rs\u00e4kringssystemet med h\u00f6gkostnadskort och frikort g\u00e4ller.<\/p>\n\n\n\n<p class=\"has-medium-font-size\">Patientavgiften \u00e4r f\u00f6r n\u00e4rvarande 275kr.<\/p>\n\n\n\n<p class=\"has-medium-font-size\">Du beh\u00f6ver inte ha remiss f\u00f6r att komma till oss.<\/p>\n<\/div>\n\n\n\n<div class=\"wp-block-column is-layout-flow wp-block-column-is-layout-flow\"><div class=\"wp-block-image\">\n<figure class=\"aligncenter size-large is-resized\"><img loading=\"lazy\" decoding=\"async\" width=\"1024\" height=\"576\" src=\"http:\/\/dinsjukgymnast.se\/web2\/wp-content\/uploads\/2020\/11\/20201113_144213-1024x576.jpg\" alt=\"\" class=\"wp-image-290\" style=\"width:532px;height:299px\" srcset=\"https:\/\/dinsjukgymnast.se\/web2\/wp-content\/uploads\/2020\/11\/20201113_144213-1024x576.jpg 1024w, https:\/\/dinsjukgymnast.se\/web2\/wp-content\/uploads\/2020\/11\/20201113_144213-300x169.jpg 300w, https:\/\/dinsjukgymnast.se\/web2\/wp-content\/uploads\/2020\/11\/20201113_144213-768x432.jpg 768w, https:\/\/dinsjukgymnast.se\/web2\/wp-content\/uploads\/2020\/11\/20201113_144213-1536x864.jpg 1536w, https:\/\/dinsjukgymnast.se\/web2\/wp-content\/uploads\/2020\/11\/20201113_144213-2048x1152.jpg 2048w, https:\/\/dinsjukgymnast.se\/web2\/wp-content\/uploads\/2020\/11\/20201113_144213-400x225.jpg 400w\" sizes=\"auto, (max-width: 1024px) 100vw, 1024px\" \/><\/figure>\n<\/div>\n\n\n<p class=\"has-medium-font-size\"><strong>Avgift vid \u00e5terbud\/uteblivet v\u00e5rdbes\u00f6k<\/strong><\/p>\n\n\n\n<p class=\"has-medium-font-size\">Enligt Region Stockholms riktlinjer ligger avgiften f\u00f6r uteblivna bes\u00f6k p\u00e5 400 kr.<\/p>\n\n\n\n<p class=\"has-medium-font-size\">\u00c5terbud ska l\u00e4mnas senast 24 timmar innan bokad tid, annars m\u00e5ste avgiften betalas. <\/p>\n\n\n\n<p><\/p>\n\n\n\n<p><\/p>\n\n\n\n<p class=\"has-medium-font-size\"><\/p>\n<\/div>\n<\/div>\n\n\n\n<p style=\"font-size:22px\"><strong>Du \u00e4r viktigast f\u00f6r oss<\/strong><\/p>\n\n\n\n<p class=\"has-medium-font-size\">V\u00e5rt m\u00e5l \u00e4r att du som patient ska k\u00e4nna dig trygg hos oss.&nbsp; F\u00f6r oss \u00e4r det viktigt att ha en helhetssyn.&nbsp;<\/p>\n\n\n\n<p class=\"has-medium-font-size\">S\u00e5 h\u00e4r brukar f\u00f6rsta bes\u00f6ket g\u00e5 till:<\/p>\n\n\n\n<p class=\"has-medium-font-size\">Vid ditt f\u00f6rsta bes\u00f6k s\u00e4tter vi oss ner f\u00f6r ett samtal. Du kommer att f\u00e5 besvara en del fr\u00e5gor om ditt besv\u00e4r.&nbsp;Sedan g\u00f6rs en unders\u00f6kning och tillsammans best\u00e4mmer vi&nbsp;l\u00e4mplig \u00e5tg\u00e4rd.<\/p>\n\n\n\n<p><\/p>\n\n\n\n<p class=\"has-medium-font-size\">Ett bes\u00f6k hos oss tar mellan 30 &#8211; 60 minuter.&nbsp;<\/p>\n\n\n\n<div class=\"wp-block-media-text alignwide has-media-on-the-right is-stacked-on-mobile\"><div class=\"wp-block-media-text__content\">\n<p><\/p>\n<\/div><figure class=\"wp-block-media-text__media\"><\/figure><\/div>\n\n\n\n<p style=\"font-size:22px\"><strong>Vi som arbetar h\u00e4r<\/strong> <\/p>\n\n\n\n<div class=\"wp-block-group\"><div class=\"wp-block-group__inner-container is-layout-flow wp-block-group-is-layout-flow\">\n<div class=\"wp-block-columns is-layout-flex wp-container-core-columns-is-layout-9d6595d7 wp-block-columns-is-layout-flex\">\n<div class=\"wp-block-column is-layout-flow wp-block-column-is-layout-flow\">\n<figure class=\"wp-block-image size-large is-resized\"><img loading=\"lazy\" decoding=\"async\" width=\"472\" height=\"708\" src=\"http:\/\/dinsjukgymnast.se\/web2\/wp-content\/uploads\/2020\/10\/Ann_s.jpg\" alt=\"\" class=\"wp-image-205\" style=\"width:215px;height:322px\" srcset=\"https:\/\/dinsjukgymnast.se\/web2\/wp-content\/uploads\/2020\/10\/Ann_s.jpg 472w, https:\/\/dinsjukgymnast.se\/web2\/wp-content\/uploads\/2020\/10\/Ann_s-200x300.jpg 200w\" sizes=\"auto, (max-width: 472px) 100vw, 472px\" \/><\/figure>\n\n\n\n<p class=\"has-medium-font-size\"><strong>Ann Dundas<\/strong>&nbsp;&#8211; leg sjukgymnast<\/p>\n\n\n\n<p style=\"font-size:18px\">Ergonom, Specialistkompetens i OMT, Akupunktur, Medicinsk laser, Stresshantering<\/p>\n<\/div>\n\n\n\n<div class=\"wp-block-column is-layout-flow wp-block-column-is-layout-flow\">\n<figure class=\"wp-block-image size-large is-resized\"><img loading=\"lazy\" decoding=\"async\" width=\"472\" height=\"708\" src=\"http:\/\/dinsjukgymnast.se\/web2\/wp-content\/uploads\/2020\/10\/tobbe_s.jpg\" alt=\"\" class=\"wp-image-204\" style=\"width:213px;height:319px\" srcset=\"https:\/\/dinsjukgymnast.se\/web2\/wp-content\/uploads\/2020\/10\/tobbe_s.jpg 472w, https:\/\/dinsjukgymnast.se\/web2\/wp-content\/uploads\/2020\/10\/tobbe_s-200x300.jpg 200w\" sizes=\"auto, (max-width: 472px) 100vw, 472px\" \/><\/figure>\n\n\n\n<p class=\"has-medium-font-size\"><strong>Torbj\u00f6rn Sj\u00f6din<\/strong>&nbsp;&#8211; leg sjukgymnast<\/p>\n\n\n\n<p style=\"font-size:18px\">OMT3, Ultraljudsdiagnostik, McKenziemetoden, Akupunktur, Supersole fotb\u00e4ddar och Fokuserad st\u00f6tv\u00e5g (ESWT).<\/p>\n<\/div>\n<\/div>\n<\/div><\/div>\n\n\n\n<div class=\"wp-block-columns is-layout-flex wp-container-core-columns-is-layout-9d6595d7 wp-block-columns-is-layout-flex\">\n<div class=\"wp-block-column is-layout-flow wp-block-column-is-layout-flow\"><\/div>\n\n\n\n<div class=\"wp-block-column is-layout-flow wp-block-column-is-layout-flow\"><\/div>\n<\/div>\n","protected":false},"excerpt":{"rendered":"<p>Om mottagningen Roslags N\u00e4sby Sjukgymnastik \u00e4r en privat mottagning. Vi har kompetens inom flera olika omr\u00e5den, allt f\u00f6r att kunna erbjuda Dig b\u00e4sta m\u00f6jliga hj\u00e4lp.&nbsp; Vi arbetar efter evidensbaserad forskning och f\u00f6ljer Socialstyrelsens riktlinjer. Vi behandlar alltifr\u00e5n akuta problem som ryggskott eller nacksp\u00e4rr till mer l\u00e5ngdragna tillst\u00e5nd som exempelvis artros. Vi hj\u00e4lper \u00e4ven till med [&hellip;]<\/p>\n","protected":false},"author":4,"featured_media":0,"parent":0,"menu_order":0,"comment_status":"closed","ping_status":"closed","template":"","meta":{"footnotes":""},"class_list":["post-13","page","type-page","status-publish","hentry"],"_links":{"self":[{"href":"https:\/\/dinsjukgymnast.se\/web2\/wp-json\/wp\/v2\/pages\/13","targetHints":{"allow":["GET"]}}],"collection":[{"href":"https:\/\/dinsjukgymnast.se\/web2\/wp-json\/wp\/v2\/pages"}],"about":[{"href":"https:\/\/dinsjukgymnast.se\/web2\/wp-json\/wp\/v2\/types\/page"}],"author":[{"embeddable":true,"href":"https:\/\/dinsjukgymnast.se\/web2\/wp-json\/wp\/v2\/users\/4"}],"replies":[{"embeddable":true,"href":"https:\/\/dinsjukgymnast.se\/web2\/wp-json\/wp\/v2\/comments?post=13"}],"version-history":[{"count":24,"href":"https:\/\/dinsjukgymnast.se\/web2\/wp-json\/wp\/v2\/pages\/13\/revisions"}],"predecessor-version":[{"id":469,"href":"https:\/\/dinsjukgymnast.se\/web2\/wp-json\/wp\/v2\/pages\/13\/revisions\/469"}],"wp:attachment":[{"href":"https:\/\/dinsjukgymnast.se\/web2\/wp-json\/wp\/v2\/media?parent=13"}],"curies":[{"name":"wp","href":"https:\/\/api.w.org\/{rel}","templated":true}]}}