{"id":12,"date":"2020-10-15T08:58:32","date_gmt":"2020-10-15T06:58:32","guid":{"rendered":"http:\/\/dinsjukgymnast.se\/web2\/?page_id=12"},"modified":"2026-04-20T11:09:18","modified_gmt":"2026-04-20T09:09:18","slug":"nya-umoma-valkomnar-allmanheten-2","status":"publish","type":"page","link":"https:\/\/dinsjukgymnast.se\/web2\/","title":{"rendered":"V\u00e4lkommen till oss"},"content":{"rendered":"\n<div class=\"wp-block-group alignwide\"><div class=\"wp-block-group__inner-container is-layout-flow wp-block-group-is-layout-flow\"><\/div><\/div>\n\n\n\n<div class=\"wp-block-group\"><div class=\"wp-block-group__inner-container is-layout-flow wp-block-group-is-layout-flow\">\n<h2 class=\"wp-block-heading has-vivid-green-cyan-color has-text-color has-large-font-size\">Vi \u00e4r Roslags N\u00e4sby Sjukgymnastik &#8211; din fysioterapimottagning i T\u00e4by<\/h2>\n\n\n\n<div class=\"wp-block-columns is-layout-flex wp-container-core-columns-is-layout-9d6595d7 wp-block-columns-is-layout-flex\">\n<div class=\"wp-block-column is-layout-flow wp-block-column-is-layout-flow\">\n<p style=\"font-size:22px\"><strong>Detta erbjuder vi:<\/strong><\/p>\n\n\n\n<p class=\"has-medium-font-size\"><em>F\u00f6r mer information om det vi erbjuder, klicka p\u00e5 fliken &#8221;Vi erbjuder&#8221; uppe i menyn \ud83d\ude42<\/em><\/p>\n\n\n\n<p class=\"has-medium-font-size\">OMT<\/p>\n\n\n\n<p class=\"has-medium-font-size\">Rehabiliteringsinriktad tr\u00e4ning<\/p>\n\n\n\n<p class=\"has-medium-font-size\">Akupunktur<\/p>\n\n\n\n<p class=\"has-medium-font-size\">Medicinsk laser&nbsp; &nbsp; &nbsp; &nbsp;&nbsp;<\/p>\n\n\n\n<p class=\"has-medium-font-size\">Fokuserad st\u00f6tv\u00e5g&nbsp; (ESWT)&nbsp; &nbsp;  &nbsp;<\/p>\n\n\n\n<p class=\"has-medium-font-size\">Ultraljudsdiagnostik<\/p>\n\n\n\n<p class=\"has-medium-font-size\">Supersole fotb\u00e4ddar<\/p>\n\n\n\n<p class=\"has-medium-font-size\">McKenziemetoden<\/p>\n\n\n\n<p class=\"has-medium-font-size\">Stresshantering<\/p>\n\n\n\n<p class=\"has-medium-font-size\">Ergonomi<\/p>\n\n\n\n<p><\/p>\n\n\n\n<p><\/p>\n<\/div>\n\n\n\n<div class=\"wp-block-column is-layout-flow wp-block-column-is-layout-flow\">\n<p class=\"has-medium-font-size\"><strong>Hitta till oss<\/strong><\/p>\n\n\n\n<p class=\"has-medium-font-size\">Ni hittar oss p\u00e5 Kanalv\u00e4gen 17, 4tr.<\/p>\n\n\n\n<p class=\"has-medium-font-size\"><\/p>\n\n\n\n<p><\/p>\n\n\n\n<p class=\"has-medium-font-size\"><\/p>\n<\/div>\n\n\n\n<div class=\"wp-block-column is-layout-flow wp-block-column-is-layout-flow\">\n<p style=\"font-size:22px\"><strong>V\u00e5rk\u00e4nslor<\/strong><\/p>\n\n\n\n<p class=\"has-medium-font-size\">Nu \u00e4r v\u00e5ren \u00e4ntligen h\u00e4r, dagarna blir allt l\u00e4ngre och ljusare och det blir varmare i luften. <\/p>\n\n\n\n<p class=\"has-medium-font-size\"><\/p>\n\n\n\n<p class=\"has-medium-font-size\">Kom ih\u00e5g att r\u00f6relse dagligen, g\u00e4rna utomhus, hj\u00e4lper dig att m\u00e5 bra!<\/p>\n\n\n\n<figure class=\"wp-block-image size-full\"><img loading=\"lazy\" decoding=\"async\" width=\"2048\" height=\"1182\" src=\"http:\/\/dinsjukgymnast.se\/web2\/wp-content\/uploads\/2021\/01\/spring.jpg\" alt=\"\" class=\"wp-image-339\" srcset=\"https:\/\/dinsjukgymnast.se\/web2\/wp-content\/uploads\/2021\/01\/spring.jpg 2048w, https:\/\/dinsjukgymnast.se\/web2\/wp-content\/uploads\/2021\/01\/spring-300x173.jpg 300w, https:\/\/dinsjukgymnast.se\/web2\/wp-content\/uploads\/2021\/01\/spring-1024x591.jpg 1024w, https:\/\/dinsjukgymnast.se\/web2\/wp-content\/uploads\/2021\/01\/spring-768x443.jpg 768w, https:\/\/dinsjukgymnast.se\/web2\/wp-content\/uploads\/2021\/01\/spring-1536x887.jpg 1536w, https:\/\/dinsjukgymnast.se\/web2\/wp-content\/uploads\/2021\/01\/spring-390x225.jpg 390w\" sizes=\"auto, (max-width: 2048px) 100vw, 2048px\" \/><\/figure>\n\n\n\n<p class=\"has-medium-font-size\"><\/p>\n\n\n\n<p><\/p>\n<\/div>\n<\/div>\n<\/div><\/div>\n\n\n\n<div class=\"wp-block-columns is-layout-flex wp-container-core-columns-is-layout-9d6595d7 wp-block-columns-is-layout-flex\">\n<div class=\"wp-block-column is-layout-flow wp-block-column-is-layout-flow\">\n<p class=\"has-text-align-left\"><\/p>\n\n\n\n<p><\/p>\n<\/div>\n\n\n\n<div class=\"wp-block-column is-layout-flow wp-block-column-is-layout-flow\"><\/div>\n<\/div>\n\n\n\n<p style=\"font-size:30px\"><strong>Sjukgymnast eller fysioterapeut?<\/strong><\/p>\n\n\n\n<p style=\"font-size:18px\">Vad \u00e4r egentligen skillnaden mellan legitimerad sjukgymnast och legitimerad fysioterapeut?&nbsp;Svaret \u00e4r &#8211; ingen. Yrket har sedan 2014 bytt namn, och b\u00e5da titlarna f\u00f6rekommer.<\/p>\n","protected":false},"excerpt":{"rendered":"<p>Vi \u00e4r Roslags N\u00e4sby Sjukgymnastik &#8211; din fysioterapimottagning i T\u00e4by Detta erbjuder vi: F\u00f6r mer information om det vi erbjuder, klicka p\u00e5 fliken &#8221;Vi erbjuder&#8221; uppe i menyn \ud83d\ude42 OMT Rehabiliteringsinriktad tr\u00e4ning Akupunktur Medicinsk laser&nbsp; &nbsp; &nbsp; &nbsp;&nbsp; Fokuserad st\u00f6tv\u00e5g&nbsp; (ESWT)&nbsp; &nbsp; &nbsp; Ultraljudsdiagnostik Supersole fotb\u00e4ddar McKenziemetoden Stresshantering Ergonomi Hitta till oss Ni hittar oss [&hellip;]<\/p>\n","protected":false},"author":4,"featured_media":0,"parent":0,"menu_order":0,"comment_status":"closed","ping_status":"closed","template":"","meta":{"footnotes":""},"class_list":["post-12","page","type-page","status-publish","hentry"],"_links":{"self":[{"href":"https:\/\/dinsjukgymnast.se\/web2\/wp-json\/wp\/v2\/pages\/12","targetHints":{"allow":["GET"]}}],"collection":[{"href":"https:\/\/dinsjukgymnast.se\/web2\/wp-json\/wp\/v2\/pages"}],"about":[{"href":"https:\/\/dinsjukgymnast.se\/web2\/wp-json\/wp\/v2\/types\/page"}],"author":[{"embeddable":true,"href":"https:\/\/dinsjukgymnast.se\/web2\/wp-json\/wp\/v2\/users\/4"}],"replies":[{"embeddable":true,"href":"https:\/\/dinsjukgymnast.se\/web2\/wp-json\/wp\/v2\/comments?post=12"}],"version-history":[{"count":114,"href":"https:\/\/dinsjukgymnast.se\/web2\/wp-json\/wp\/v2\/pages\/12\/revisions"}],"predecessor-version":[{"id":498,"href":"https:\/\/dinsjukgymnast.se\/web2\/wp-json\/wp\/v2\/pages\/12\/revisions\/498"}],"wp:attachment":[{"href":"https:\/\/dinsjukgymnast.se\/web2\/wp-json\/wp\/v2\/media?parent=12"}],"curies":[{"name":"wp","href":"https:\/\/api.w.org\/{rel}","templated":true}]}}