{"id":108,"date":"2020-10-23T12:29:03","date_gmt":"2020-10-23T10:29:03","guid":{"rendered":"http:\/\/dinsjukgymnast.se\/web2\/?page_id=108"},"modified":"2020-12-06T17:56:02","modified_gmt":"2020-12-06T16:56:02","slug":"omt","status":"publish","type":"page","link":"https:\/\/dinsjukgymnast.se\/web2\/omt\/","title":{"rendered":"OMT"},"content":{"rendered":"\n<p class=\"has-large-font-size\"><strong>OMT<\/strong><\/p>\n\n\n\n<p class=\"has-medium-font-size\">OMT, Ortopedisk Manuell Terapi.<\/p>\n\n\n\n<p class=\"has-medium-font-size\">OMT \u00e4r ett&nbsp;specialistomr\u00e5de inom sjukgymnastiken d\u00e4r man arbetar med att unders\u00f6ka och behandla neuro-muskulo-skeletala tillst\u00e5nd, det vill s\u00e4ga skador eller sjukdomar i kroppens r\u00f6relsesystem.&nbsp;<\/p>\n\n\n\n<p class=\"has-medium-font-size\">Inom OMT f\u00f6ljer man, och anpassar sig efter, aktuell forskning och vetenskapliga och kliniska r\u00f6n.<\/p>\n\n\n\n<p class=\"has-large-font-size\"><strong>Hur fungerar OMT i praktiken?<\/strong><\/p>\n\n\n\n<p class=\"has-text-align-left has-medium-font-size\">Inom OMT anv\u00e4nds specifika unders\u00f6knings- och behandlingsmetoder samt tr\u00e4ning &#8211; allt anpassat efter varje individs behov och f\u00f6ruts\u00e4ttningar. Behandlingen kan best\u00e5 av sm\u00e4rtlindrande, r\u00f6relse\u00f6kande eller stabiliserande \u00e5tg\u00e4rder, manuella behandlingstekniker s\u00e5som mjukdelsbehandling, mobilisering, manipulation eller stabiliseringstr\u00e4ning.\u00a0<\/p>\n","protected":false},"excerpt":{"rendered":"<p>OMT OMT, Ortopedisk Manuell Terapi. OMT \u00e4r ett&nbsp;specialistomr\u00e5de inom sjukgymnastiken d\u00e4r man arbetar med att unders\u00f6ka och behandla neuro-muskulo-skeletala tillst\u00e5nd, det vill s\u00e4ga skador eller sjukdomar i kroppens r\u00f6relsesystem.&nbsp; Inom OMT f\u00f6ljer man, och anpassar sig efter, aktuell forskning och vetenskapliga och kliniska r\u00f6n. Hur fungerar OMT i praktiken? Inom OMT anv\u00e4nds specifika unders\u00f6knings- och [&hellip;]<\/p>\n","protected":false},"author":3,"featured_media":0,"parent":0,"menu_order":0,"comment_status":"closed","ping_status":"closed","template":"","meta":{"footnotes":""},"class_list":["post-108","page","type-page","status-publish","hentry"],"_links":{"self":[{"href":"https:\/\/dinsjukgymnast.se\/web2\/wp-json\/wp\/v2\/pages\/108","targetHints":{"allow":["GET"]}}],"collection":[{"href":"https:\/\/dinsjukgymnast.se\/web2\/wp-json\/wp\/v2\/pages"}],"about":[{"href":"https:\/\/dinsjukgymnast.se\/web2\/wp-json\/wp\/v2\/types\/page"}],"author":[{"embeddable":true,"href":"https:\/\/dinsjukgymnast.se\/web2\/wp-json\/wp\/v2\/users\/3"}],"replies":[{"embeddable":true,"href":"https:\/\/dinsjukgymnast.se\/web2\/wp-json\/wp\/v2\/comments?post=108"}],"version-history":[{"count":7,"href":"https:\/\/dinsjukgymnast.se\/web2\/wp-json\/wp\/v2\/pages\/108\/revisions"}],"predecessor-version":[{"id":297,"href":"https:\/\/dinsjukgymnast.se\/web2\/wp-json\/wp\/v2\/pages\/108\/revisions\/297"}],"wp:attachment":[{"href":"https:\/\/dinsjukgymnast.se\/web2\/wp-json\/wp\/v2\/media?parent=108"}],"curies":[{"name":"wp","href":"https:\/\/api.w.org\/{rel}","templated":true}]}}